{"id":18,"date":"2024-03-25T20:13:18","date_gmt":"2024-03-25T19:13:18","guid":{"rendered":"https:\/\/glob-dybel.pl\/?page_id=18"},"modified":"2024-03-25T20:21:46","modified_gmt":"2024-03-25T19:21:46","slug":"start","status":"publish","type":"page","link":"https:\/\/glob-dybel.pl\/","title":{"rendered":"Strona G\u0142\u00f3wna"},"content":{"rendered":"\n<div class=\"wp-block-cover\"><span aria-hidden=\"true\" class=\"wp-block-cover__background has-background-dim-30 has-background-dim\"><\/span><img loading=\"lazy\" decoding=\"async\" width=\"1024\" height=\"293\" class=\"wp-block-cover__image-background wp-image-8\" alt=\"\" src=\"https:\/\/glob-dybel.pl\/wp-content\/uploads\/2024\/03\/woodchip_1-1024x293.jpg\" data-object-fit=\"cover\" srcset=\"https:\/\/glob-dybel.pl\/wp-content\/uploads\/2024\/03\/woodchip_1-1024x293.jpg 1024w, https:\/\/glob-dybel.pl\/wp-content\/uploads\/2024\/03\/woodchip_1-300x86.jpg 300w, https:\/\/glob-dybel.pl\/wp-content\/uploads\/2024\/03\/woodchip_1-768x220.jpg 768w, https:\/\/glob-dybel.pl\/wp-content\/uploads\/2024\/03\/woodchip_1.jpg 1242w\" sizes=\"auto, (max-width: 1024px) 100vw, 1024px\" \/><div class=\"wp-block-cover__inner-container is-layout-flow wp-block-cover-is-layout-flow\">\n<p class=\"has-text-align-center has-large-font-size\">Ciep\u0142ownie miejskie, zak\u0142ady przemys\u0142owe, czy nawet Twoje w\u0142asne mieszkanie \u2013 wsz\u0119dzie tam, gdzie potrzebna jest efektywna i przyjazna dla \u015brodowiska energia, nasze zr\u0119bki drewniane staj\u0105 si\u0119 rozwi\u0105zaniem pierwszego wyboru.<\/p>\n<\/div><\/div>\n\n\n\n<p><\/p>\n\n\n\n<p><strong>Dlaczego nasze zr\u0119bki s\u0105 niezast\u0105pione?<\/strong><\/p>\n\n\n\n<ol class=\"wp-block-list\">\n<li><strong>Zr\u00f3wnowa\u017cone \u0179r\u00f3d\u0142o Energii:<\/strong> Pochodz\u0105c z surowc\u00f3w drewnianych pozyskiwanych z odpowiedzialnie zarz\u0105dzanych las\u00f3w, nasze zr\u0119bki stanowi\u0105 wyb\u00f3r zr\u00f3wnowa\u017cony dla ka\u017cdego, kto troszczy si\u0119 o przysz\u0142o\u015b\u0107 naszej planety.<\/li>\n\n\n\n<li><strong>Wysoka Efektywno\u015b\u0107:<\/strong> Dzi\u0119ki starannej obr\u00f3bce i specjalnemu procesowi produkcji, nasze zr\u0119bki zapewniaj\u0105 nie tylko czyst\u0105 energi\u0119, ale r\u00f3wnie\u017c wysok\u0105 wydajno\u015b\u0107, co przek\u0142ada si\u0119 na oszcz\u0119dno\u015bci i skuteczno\u015b\u0107.<\/li>\n\n\n\n<li><strong>Nieograniczone Zastosowania:<\/strong> Nasze zr\u0119bki s\u0105 doskona\u0142ym \u017ar\u00f3d\u0142em ciep\u0142a zar\u00f3wno dla du\u017cych ciep\u0142owni, jak i indywidualnych odbiorc\u00f3w. Odpowiednio skruszone i gotowe do u\u017cycia, s\u0105 \u0142atwe w obs\u0142udze i gwarantuj\u0105 niezawodne ogrzewanie.<\/li>\n\n\n\n<li><strong>Partnerstwo dla Zr\u00f3wnowa\u017conej Przysz\u0142o\u015bci:<\/strong> Wsp\u00f3\u0142pracuj\u0105c z nami, stawiasz krok w stron\u0119 bardziej ekologicznej przysz\u0142o\u015bci. Nasza firma wspiera inicjatywy zr\u00f3wnowa\u017conego rozwoju, co sprawia, \u017ce wyb\u00f3r naszych zr\u0119bk\u00f3w to nie tylko krok ku oszcz\u0119dno\u015bciom, ale tak\u017ce ku dba\u0142o\u015bci o planet\u0119.<\/li>\n<\/ol>\n\n\n\n<p class=\"has-text-align-center\">Do\u0142\u0105cz do naszej szerokiej sieci partner\u00f3w, kt\u00f3rzy wybieraj\u0105 ekologiczne i efektywne rozwi\u0105zania energetyczne. Razem mo\u017cemy sprawi\u0107, \u017ce nasza planeta b\u0119dzie czystsza i bardziej zr\u00f3wnowa\u017cona. Odkryj moc ekologicznej energii z naszymi zr\u0119bkami drewnianymi ju\u017c dzi\u015b!<\/p>\n","protected":false},"excerpt":{"rendered":"<p>Dlaczego nasze zr\u0119bki s\u0105 niezast\u0105pione? Do\u0142\u0105cz do naszej szerokiej sieci partner\u00f3w, kt\u00f3rzy wybieraj\u0105 ekologiczne i efektywne rozwi\u0105zania energetyczne. Razem mo\u017cemy sprawi\u0107, \u017ce nasza planeta b\u0119dzie czystsza i bardziej zr\u00f3wnowa\u017cona. Odkryj moc ekologicznej energii z naszymi zr\u0119bkami drewnianymi ju\u017c dzi\u015b!<\/p>\n","protected":false},"author":1,"featured_media":0,"parent":0,"menu_order":0,"comment_status":"closed","ping_status":"closed","template":"","meta":{"footnotes":""},"class_list":["post-18","page","type-page","status-publish"],"_links":{"self":[{"href":"https:\/\/glob-dybel.pl\/index.php?rest_route=\/wp\/v2\/pages\/18","targetHints":{"allow":["GET"]}}],"collection":[{"href":"https:\/\/glob-dybel.pl\/index.php?rest_route=\/wp\/v2\/pages"}],"about":[{"href":"https:\/\/glob-dybel.pl\/index.php?rest_route=\/wp\/v2\/types\/page"}],"author":[{"embeddable":true,"href":"https:\/\/glob-dybel.pl\/index.php?rest_route=\/wp\/v2\/users\/1"}],"replies":[{"embeddable":true,"href":"https:\/\/glob-dybel.pl\/index.php?rest_route=%2Fwp%2Fv2%2Fcomments&post=18"}],"version-history":[{"count":3,"href":"https:\/\/glob-dybel.pl\/index.php?rest_route=\/wp\/v2\/pages\/18\/revisions"}],"predecessor-version":[{"id":27,"href":"https:\/\/glob-dybel.pl\/index.php?rest_route=\/wp\/v2\/pages\/18\/revisions\/27"}],"wp:attachment":[{"href":"https:\/\/glob-dybel.pl\/index.php?rest_route=%2Fwp%2Fv2%2Fmedia&parent=18"}],"curies":[{"name":"wp","href":"https:\/\/api.w.org\/{rel}","templated":true}]}}